{"id":748,"date":"2013-12-13T21:32:15","date_gmt":"2013-12-13T21:32:15","guid":{"rendered":"https:\/\/demko.co.uk\/?post_type=product&#038;p=748"},"modified":"2024-11-27T15:34:47","modified_gmt":"2024-11-27T14:34:47","slug":"bettsystem","status":"publish","type":"product","link":"https:\/\/demko.at\/de_at\/shop\/schlafsystem\/bettsystem\/","title":{"rendered":"Demko Bettsystem mit Naturmatratze"},"content":{"rendered":"<p>Inbegriffen:<\/p>\n<ul>\n<li>St\u00fctzhramen<\/li>\n<li>Lattenrost (zus\u00e4tzliche Schulterzone + 50 EUR, zus\u00e4tzliche untere R\u00fcckenst\u00fctze + 65 EUR \/ empfohlen \u00fcber 120 kg)<\/li>\n<li>10 cm dicke Naturmatratze F10 (10 cm Naturlatex f\u00fcr unter 80 kg) oder D (3 cm Naturlatex + 3 cm Kokosfaser + 3 cm Naturlatex f\u00fcr \u00fcber 80 kg)<\/li>\n<\/ul>\n<p>Standardgr\u00f6\u00dfen: 80x200cm, 90x200cm und individuelle Gr\u00f6\u00dfen<\/p>\n<div id=\"themify_builder_content-748\" data-postid=\"748\" class=\"themify_builder_content themify_builder_content-748 themify_builder\">\n\n    <\/div>\n<!-- \/themify_builder_content -->","protected":false},"excerpt":{"rendered":"<p>Inbegriffen:<\/p>\n<p>St\u00fctzhramen<br \/>\nLattenrost (zus\u00e4tzliche Schulterzone + 50 EUR, zus\u00e4tzliche untere R\u00fcckenst\u00fctze + 65 EUR \/ empfohlen \u00fcber 120 kg)<\/p>\n<p>10 cm dicke Naturmatratze F10 (10 cm Naturlatex f\u00fcr unter 80 kg) oder D (3 cm Naturlatex + 3 cm Kokosfaser + 3 cm Naturlatex f\u00fcr \u00fcber 80 kg)<\/p>\n<p>Standardgr\u00f6\u00dfen: 80x200cm, 90x200cm und individuelle Gr\u00f6\u00dfen<\/p>","protected":false},"featured_media":5464,"comment_status":"closed","ping_status":"closed","template":"","meta":[],"product_cat":[46],"product_tag":[47],"aioseo_notices":[],"_links":{"self":[{"href":"https:\/\/demko.at\/de_at\/wp-json\/wp\/v2\/product\/748"}],"collection":[{"href":"https:\/\/demko.at\/de_at\/wp-json\/wp\/v2\/product"}],"about":[{"href":"https:\/\/demko.at\/de_at\/wp-json\/wp\/v2\/types\/product"}],"replies":[{"embeddable":true,"href":"https:\/\/demko.at\/de_at\/wp-json\/wp\/v2\/comments?post=748"}],"wp:featuredmedia":[{"embeddable":true,"href":"https:\/\/demko.at\/de_at\/wp-json\/wp\/v2\/media\/5464"}],"wp:attachment":[{"href":"https:\/\/demko.at\/de_at\/wp-json\/wp\/v2\/media?parent=748"}],"wp:term":[{"taxonomy":"product_cat","embeddable":true,"href":"https:\/\/demko.at\/de_at\/wp-json\/wp\/v2\/product_cat?post=748"},{"taxonomy":"product_tag","embeddable":true,"href":"https:\/\/demko.at\/de_at\/wp-json\/wp\/v2\/product_tag?post=748"}],"curies":[{"name":"wp","href":"https:\/\/api.w.org\/{rel}","templated":true}]}}