{"id":6976,"date":"2022-01-03T19:11:44","date_gmt":"2022-01-03T18:11:44","guid":{"rendered":"https:\/\/demkofeder.hu\/?post_type=product&#038;p=6976"},"modified":"2024-11-27T15:36:57","modified_gmt":"2024-11-27T14:36:57","slug":"stutzrahmen","status":"publish","type":"product","link":"https:\/\/demko.at\/de_at\/shop\/schlafsystem\/stutzrahmen\/","title":{"rendered":"Demko St\u00fctzrahmen"},"content":{"rendered":"<p>Standardgr\u00f6\u00dfen: 80x200cm und 90x200cm<\/p>\n<div id=\"themify_builder_content-6976\" data-postid=\"6976\" class=\"themify_builder_content themify_builder_content-6976 themify_builder\">\n\n    <\/div>\n<!-- \/themify_builder_content -->","protected":false},"excerpt":{"rendered":"<p>Standardgr\u00f6\u00dfen: 80x200cm und 90x200cm<\/p>","protected":false},"featured_media":7000,"comment_status":"closed","ping_status":"closed","template":"","meta":[],"product_cat":[46],"product_tag":[],"aioseo_notices":[],"_links":{"self":[{"href":"https:\/\/demko.at\/de_at\/wp-json\/wp\/v2\/product\/6976"}],"collection":[{"href":"https:\/\/demko.at\/de_at\/wp-json\/wp\/v2\/product"}],"about":[{"href":"https:\/\/demko.at\/de_at\/wp-json\/wp\/v2\/types\/product"}],"replies":[{"embeddable":true,"href":"https:\/\/demko.at\/de_at\/wp-json\/wp\/v2\/comments?post=6976"}],"wp:featuredmedia":[{"embeddable":true,"href":"https:\/\/demko.at\/de_at\/wp-json\/wp\/v2\/media\/7000"}],"wp:attachment":[{"href":"https:\/\/demko.at\/de_at\/wp-json\/wp\/v2\/media?parent=6976"}],"wp:term":[{"taxonomy":"product_cat","embeddable":true,"href":"https:\/\/demko.at\/de_at\/wp-json\/wp\/v2\/product_cat?post=6976"},{"taxonomy":"product_tag","embeddable":true,"href":"https:\/\/demko.at\/de_at\/wp-json\/wp\/v2\/product_tag?post=6976"}],"curies":[{"name":"wp","href":"https:\/\/api.w.org\/{rel}","templated":true}]}}