{"id":6972,"date":"2021-12-29T10:37:15","date_gmt":"2021-12-29T09:37:15","guid":{"rendered":"https:\/\/demkofeder.hu\/?post_type=product&#038;p=6972"},"modified":"2024-11-27T15:39:01","modified_gmt":"2024-11-27T14:39:01","slug":"lattenrost","status":"publish","type":"product","link":"https:\/\/demko.at\/de_at\/shop\/schlafsystem\/lattenrost\/","title":{"rendered":"Demko Lattenrost"},"content":{"rendered":"<p>Der Preis beinhaltet:<\/p>\n<p>Demko Lattenrost (zus\u00e4tzliche Schulterzone + 40 EUR, zus\u00e4tzliche untere R\u00fcckenst\u00fctze + 49 EUR \/ empfohlen \u00fcber 120 kg)<\/p>\n<p>Standardgr\u00f6\u00dfen: 80x200cm, 90x200cm (andere Gr\u00f6\u00dfen sind ebenfalls erh\u00e4ltlich)<\/p>\n<div id=\"themify_builder_content-6972\" data-postid=\"6972\" class=\"themify_builder_content themify_builder_content-6972 themify_builder\">\n\n    <\/div>\n<!-- \/themify_builder_content -->","protected":false},"excerpt":{"rendered":"<p>Der Preis beinhaltet:<\/p>\n<p>Demko Lattenrost (zus\u00e4tzliche Schulterzone + 40 EUR, zus\u00e4tzliche untere R\u00fcckenst\u00fctze + 49 EUR \/ empfohlen \u00fcber 120 kg)<\/p>\n<p>Standardgr\u00f6\u00dfen: 80x200cm, 90x200cm (andere Gr\u00f6\u00dfen sind ebenfalls erh\u00e4ltlich)<\/p>","protected":false},"featured_media":6974,"comment_status":"closed","ping_status":"closed","template":"","meta":[],"product_cat":[46],"product_tag":[],"aioseo_notices":[],"_links":{"self":[{"href":"https:\/\/demko.at\/de_at\/wp-json\/wp\/v2\/product\/6972"}],"collection":[{"href":"https:\/\/demko.at\/de_at\/wp-json\/wp\/v2\/product"}],"about":[{"href":"https:\/\/demko.at\/de_at\/wp-json\/wp\/v2\/types\/product"}],"replies":[{"embeddable":true,"href":"https:\/\/demko.at\/de_at\/wp-json\/wp\/v2\/comments?post=6972"}],"wp:featuredmedia":[{"embeddable":true,"href":"https:\/\/demko.at\/de_at\/wp-json\/wp\/v2\/media\/6974"}],"wp:attachment":[{"href":"https:\/\/demko.at\/de_at\/wp-json\/wp\/v2\/media?parent=6972"}],"wp:term":[{"taxonomy":"product_cat","embeddable":true,"href":"https:\/\/demko.at\/de_at\/wp-json\/wp\/v2\/product_cat?post=6972"},{"taxonomy":"product_tag","embeddable":true,"href":"https:\/\/demko.at\/de_at\/wp-json\/wp\/v2\/product_tag?post=6972"}],"curies":[{"name":"wp","href":"https:\/\/api.w.org\/{rel}","templated":true}]}}