{"id":5459,"date":"2020-04-23T10:37:30","date_gmt":"2020-04-23T08:37:30","guid":{"rendered":"https:\/\/demkofeder.hu\/home-copy\/"},"modified":"2022-08-25T09:45:05","modified_gmt":"2022-08-25T07:45:05","slug":"start-en","status":"publish","type":"page","link":"https:\/\/demko.at\/de_at\/start-en\/","title":{"rendered":"Start EN"},"content":{"rendered":"<div id=\"themify_builder_content-5459\" data-postid=\"5459\" class=\"themify_builder_content themify_builder_content-5459 themify_builder\">\n\n    \n\t\t<!-- module_row -->\n\t\t<div data-fullwidthvideo=\"https:\/\/demkofeder.hu\/video\/videobg.mp4\" data-mutevideo=\"mute\" data-unloopvideo=\"loop\" data-playonmobile=\"play\" class=\"themify_builder_row module_row clearfix fullcover fullheight fullwidth_row_container module_row_0 themify_builder_5459_row module_row_5459-0\" data-id=\"53b7442\">\n\t\t\t<div class=\"builder_row_cover\"><\/div>\t\t\t<div class=\"row_inner col_align_top\" >\n                                    <div  class=\"module_column tb-column col-full first tb_5459_column module_column_0 module_column_5459-0-0 repeat flex-col\" data-id=\"b5c6a99\" >\n                                                                <div class=\"tb-column-inner\">\n                            \n\n    <!-- module image -->\n    <div  id=\"image-5459-0-0-0\" class=\"module module-image image-5459-0-0-0  image-center\" data-id=\"f95e77d\">\n        <!--insert-->\n        \n        <div class=\"image-wrap\">\n                            <img decoding=\"async\" src=\"\/wp-content\/uploads\/2022\/07\/demkoat.svg\" width=\"477\" alt=\"Demko-UK Limited\" \/>            \n                        <\/div>\n            <!-- \/image-wrap -->\n        \n        \n            <\/div>\n    <!-- \/module image -->\n\n\n\n<!-- module text -->\n<div  id=\"text-5459-0-0-1\" class=\"module module-text text-5459-0-0-1  repeat\" data-id=\"4523534\">\n    <!--insert-->\n    \n        <h3 style=\"text-align: center;\"><span style=\"font-size: 18pt;\">&#8222;Beds, mattresses and bed-systems with orthopedic benefits<\/span><br \/><span style=\"font-size: 18pt;\">that have won a host of design awards.&#8220;<\/span><\/h3><p class=\"times_title\">\/Financial Times\/<\/p>        <\/div>\n<!-- \/module text -->\n\n\n\n<!-- module text -->\n<div  id=\"text-5459-0-0-2\" class=\"module module-text text-5459-0-0-2  repeat\" data-id=\"4523534\">\n    <!--insert-->\n    \n        <h3 style=\"text-align: center;\"><span style=\"font-size: 18pt;\">&#8222;Boasting the highest quality in luxury mattresses, the company has been awarded more than 20 accolades for its innovation in design, especially for rehabilitation benefits.&#8220;<\/span><\/h3><p class=\"times_title\">\/EuroNews\/<\/p>        <\/div>\n<!-- \/module text -->\n\n\n\n<!-- module text -->\n<div  id=\"text-5459-0-0-3\" class=\"module module-text text-5459-0-0-3  repeat\" data-id=\"8a50893\">\n    <!--insert-->\n    \n        <div class=\"scroll_down\"><a id=\"scroll_home\" href=\"#demkobed\">Scroll down<br \/>\n<i class=\"fa fa-angle-down fa-3\"><\/i><\/a><\/div>\n        <\/div>\n<!-- \/module text -->\n\n                        <\/div>\n                    \t\t<\/div>\n\t\t                                <\/div>\n                                <!-- \/row_inner -->\n                        <\/div>\n                        <!-- \/module_row -->\n\t\t\n\t\t<!-- module_row -->\n\t\t<div  class=\"themify_builder_row module_row clearfix fullcover fullwidth_row_container module_row_1 themify_builder_5459_row module_row_5459-1 hide-desktop hide-tablet\" id=\"demkobed\" data-id=\"bdaa66b\">\n\t\t\t\t\t\t<div class=\"row_inner col_align_top\" >\n                                    <div  class=\"module_column tb-column col-full first tb_5459_column module_column_0 module_column_5459-1-0\" data-id=\"87898e5\" >\n                                                                <div class=\"tb-column-inner\">\n                            \n\n<!-- module text -->\n<div  id=\"text-5459-1-0-0\" class=\"module module-text text-5459-1-0-0  repeat\" data-id=\"c5bbfc1\">\n    <!--insert-->\n            <h3 class=\"module-title\">\u00c9rdekl\u0151dj\u00f6n most!<\/h3>    \n        <a href=\"tel:+43720111072\" class=\"shortcode button    white flat\" target=\"_self\">Anruf<\/a>        <\/div>\n<!-- \/module text -->\n\n                        <\/div>\n                    \t\t<\/div>\n\t\t                                <\/div>\n                                <!-- \/row_inner -->\n                        <\/div>\n                        <!-- \/module_row -->\n\t\t\n\t\t<!-- module_row -->\n\t\t<div  class=\"themify_builder_row module_row clearfix fullcover fullwidth_row_container module_row_2 themify_builder_5459_row module_row_5459-2\" data-id=\"7ed4364\">\n\t\t\t\t\t\t<div class=\"row_inner col_align_top\" >\n                                    <div  class=\"module_column tb-column col-full first tb_5459_column module_column_0 module_column_5459-2-0\" data-id=\"dc27332\" >\n                                                                <div class=\"tb-column-inner\">\n                            \n\n    <!-- module image -->\n    <div  id=\"image-5459-2-0-0\" class=\"module module-image image-5459-2-0-0  image-center homesection\" data-id=\"c05e9c2\">\n        <!--insert-->\n        \n        <div class=\"image-wrap\">\n                            <img decoding=\"async\" src=\"https:\/\/demko.at\/wp-content\/uploads\/2013\/11\/medium-800-800x365.png\" width=\"800\" height=\"365\" class=\"wp-post-image wp-image-2681\" alt=\"biomatrac\" srcset=\"https:\/\/demko.at\/wp-content\/uploads\/2013\/11\/medium-800.png 800w, https:\/\/demko.at\/wp-content\/uploads\/2013\/11\/medium-800-600x274.png 600w, https:\/\/demko.at\/wp-content\/uploads\/2013\/11\/medium-800-300x137.png 300w, https:\/\/demko.at\/wp-content\/uploads\/2013\/11\/medium-800-768x350.png 768w\" sizes=\"(max-width: 800px) 100vw, 800px\" \/>            \n                        <\/div>\n            <!-- \/image-wrap -->\n        \n        \n            <\/div>\n    <!-- \/module image -->\n\n\n\n<!-- module text -->\n<div  id=\"text-5459-2-0-1\" class=\"module module-text text-5459-2-0-1  repeat\" data-id=\"8a8a311\">\n    <!--insert-->\n            <h3 class=\"module-title\">Organic Mattresses<\/h3>    \n        <h4>For traditional bed bases<\/h4><p style=\"text-align: center;\"><span style=\"font-size: 18pt;\">Organic latex is an excellent way to reduce exposure to the toxins so prevalent in consumer products today as it does not require harmful chemicals or petroleum products to create.<\/span><\/p><p><a href=\"\/de_at\/organic-mattresses\/\" class=\"shortcode button    black flat\" target=\"_self\">More Info<\/a><a href=\"\/de_at\/product-category\/mattresses\/\" class=\"shortcode button    black outline\" target=\"_self\">Go to Shop<\/a><\/p>        <\/div>\n<!-- \/module text -->\n\n                        <\/div>\n                    \t\t<\/div>\n\t\t                                <\/div>\n                                <!-- \/row_inner -->\n                        <\/div>\n                        <!-- \/module_row -->\n\t\t\n\t\t<!-- module_row -->\n\t\t<div  class=\"themify_builder_row module_row clearfix fullcover fullwidth_row_container module_row_3 themify_builder_5459_row module_row_5459-3\" data-id=\"a915d78\">\n\t\t\t\t\t\t<div class=\"row_inner col_align_top\" >\n                                    <div  class=\"module_column tb-column col-full first tb_5459_column module_column_0 module_column_5459-3-0\" data-id=\"6eecb50\" >\n                                                                <div class=\"tb-column-inner\">\n                            \n\n<!-- module text -->\n<div  id=\"text-5459-3-0-0\" class=\"module module-text text-5459-3-0-0  repeat\" data-id=\"c94715c\">\n    <!--insert-->\n            <h3 class=\"module-title\">Organic and traditional bed frames<\/h3>    \n        <p style=\"text-align: center;\"><span style=\"font-size: 18pt;\">Demko offers a unique selection of organic and traditional bed designs ranging from rustic to modern, from wooden to upholstered, as well as handcrafted.\u00a0<\/span><\/p><a href=\"\/de_at\/organic-beds\/\" class=\"shortcode button    white flat\" target=\"_self\">More Info<\/a>        <\/div>\n<!-- \/module text -->\n\n                        <\/div>\n                    \t\t<\/div>\n\t\t                                <\/div>\n                                <!-- \/row_inner -->\n                        <\/div>\n                        <!-- \/module_row -->\n\t\t\n\t\t<!-- module_row -->\n\t\t<div  class=\"themify_builder_row module_row clearfix fullcover fullwidth_row_container module_row_4 themify_builder_5459_row module_row_5459-4\" data-id=\"177e431\">\n\t\t\t\t\t\t<div class=\"row_inner col_align_top\" >\n                                    <div  class=\"module_column tb-column col-full first tb_5459_column module_column_0 module_column_5459-4-0\" data-id=\"a973634\" >\n                                                                <div class=\"tb-column-inner\">\n                            \n\n<!-- module text -->\n<div  id=\"text-5459-4-0-0\" class=\"module module-text text-5459-4-0-0  repeat\" data-id=\"67ecada\">\n    <!--insert-->\n            <h3 class=\"module-title\">Organic Hotels<\/h3>    \n        <p style=\"text-align: center;\"><span style=\"font-size: 18pt;\">Sleep on Demko organic beds and mattresses in organic hotel at England&#8217;s most beautiful parts.<\/span><\/p><a href=\"\/de_at\/organic-hotels\/\" class=\"shortcode button    white flat\" target=\"_self\">More Info<\/a>        <\/div>\n<!-- \/module text -->\n\n                        <\/div>\n                    \t\t<\/div>\n\t\t                                <\/div>\n                                <!-- \/row_inner -->\n                        <\/div>\n                        <!-- \/module_row -->\n\t\t<\/div>","protected":false},"excerpt":{"rendered":"<p>&#8222;Beds, mattresses and bed-systems with orthopedic benefitsthat have won a host of design awards.&#8220; \/Financial Times\/ &#8222;Boasting the highest quality in luxury mattresses, the company has been awarded more than 20 accolades for its innovation in design, especially for rehabilitation benefits.&#8220; \/EuroNews\/ Scroll down \u00c9rdekl\u0151dj\u00f6n most! Organic Mattresses For traditional bed bases Organic latex is [&hellip;]<\/p>\n","protected":false},"author":42,"featured_media":0,"parent":0,"menu_order":0,"comment_status":"closed","ping_status":"closed","template":"","meta":[],"aioseo_notices":[],"_links":{"self":[{"href":"https:\/\/demko.at\/de_at\/wp-json\/wp\/v2\/pages\/5459"}],"collection":[{"href":"https:\/\/demko.at\/de_at\/wp-json\/wp\/v2\/pages"}],"about":[{"href":"https:\/\/demko.at\/de_at\/wp-json\/wp\/v2\/types\/page"}],"author":[{"embeddable":true,"href":"https:\/\/demko.at\/de_at\/wp-json\/wp\/v2\/users\/42"}],"replies":[{"embeddable":true,"href":"https:\/\/demko.at\/de_at\/wp-json\/wp\/v2\/comments?post=5459"}],"version-history":[{"count":4,"href":"https:\/\/demko.at\/de_at\/wp-json\/wp\/v2\/pages\/5459\/revisions"}],"predecessor-version":[{"id":7358,"href":"https:\/\/demko.at\/de_at\/wp-json\/wp\/v2\/pages\/5459\/revisions\/7358"}],"wp:attachment":[{"href":"https:\/\/demko.at\/de_at\/wp-json\/wp\/v2\/media?parent=5459"}],"curies":[{"name":"wp","href":"https:\/\/api.w.org\/{rel}","templated":true}]}}