{"id":4559,"date":"2020-03-28T16:46:10","date_gmt":"2020-03-28T16:46:10","guid":{"rendered":"https:\/\/demko.co.uk\/about-us-copy\/"},"modified":"2022-08-27T17:01:21","modified_gmt":"2022-08-27T15:01:21","slug":"uber-uns","status":"publish","type":"page","link":"https:\/\/demko.at\/de_at\/uber-uns\/","title":{"rendered":"\u00dcber uns"},"content":{"rendered":"<h2 style=\"text-align: center;\">Demko steht f\u00fcr h\u00f6chste Qualit\u00e4t bei der Entwicklung und Herstellung von Premium Naturbetten, Naturmatratzen, Schlafsystem, Schlafzimmern und Hotelm\u00f6beln.<\/h2>\n<p style=\"text-align: justify;\">Unsere Naturbetten bestehen ausschlie\u00dflich aus massiven Harth\u00f6lzern von h\u00f6chster Qualit\u00e4t ohne Einsatz von metallischen Komponenten. Wir verwenden unter anderem Amerikanische Schwarznuss-, Zirben-, Eichen-, Kirschen-, Birnen- und Buchenh\u00f6lzer, welche mit Bio-\u00d6l veredelt sind.<\/p>\n<p style=\"text-align: justify;\">Unser Schlafsystem ist die perfekte L\u00f6sung zur Vorbeugung, Behandlung und Rehabilitation von R\u00fcckenschmerzen, Wirbels\u00e4ulenerkrankungen und lokomotorischen Erkrankungen, sowie die Erhaltung der Gesundheit der Wirbels\u00e4ule im Allgemeinen, welche f\u00fcr ein aktives Leben und ein gesundes Altern von entscheidender Bedeutung ist. Dar\u00fcber hinaus bietet unser Produkt den ultimativen Komfort f\u00fcr alle Altersgruppen.<\/p>\n<p style=\"text-align: justify;\">Zus\u00e4tzlich zum Demko Schlafsystem verwenden wir 100% Naturmatratzen. Diese enthalten weder Metalle wie Sprungfedern noch Chemikalien, welche in der Herstellung von Memory-Sch\u00e4umen Verwendung finden. Klinische Tests haben die \u00dcberlegenheit ihrer orthop\u00e4dischen- und unterst\u00fctzenden Eigenschaften, sowie ihre Haltbarkeit im Vergleich zu anderen Matratzen bewiesen.<\/p>\n<p style=\"text-align: justify;\">Wir sind der Meinung, dass die oben genannten Funktionen den st\u00e4ndig wachsenden Anforderungen von Kunden, welche auf der Suche nach einer hochwertigen R\u00fcckenpflege sowie organischen Betten und Schlafzimmern sind, gerecht werden.<\/p>\n<h3 style=\"text-align: center;\">Unsere Philosophie<\/h3>\n<p style=\"text-align: justify;\">M\u00f6bel sind nicht einfach ein funktionales Objekt. Sie dr\u00fccken die Pers\u00f6nlichkeit des Herstellers und des Kunden aus. Unser Fokus liegt darauf, zeitlos sch\u00f6ne Formen und langlebige Produkte zu kreieren, die Ihnen helfen, ein inspirierendes Zuhause zu schaffen. Trends kommen und gehen, aber hochwertige Handwerkskunst bleibt bestehen. Unser Bekenntnis zur Qualit\u00e4t beginnt mit der Auswahl unserer Rohstoffe und setzt sich in unserem erstklassigen Service fort.<\/p>\n<div id=\"themify_builder_content-4559\" data-postid=\"4559\" class=\"themify_builder_content themify_builder_content-4559 themify_builder\">\n\n    <\/div>\n<!-- \/themify_builder_content -->","protected":false},"excerpt":{"rendered":"<p>Demko steht f\u00fcr h\u00f6chste Qualit\u00e4t bei der Entwicklung und Herstellung von Premium Naturbetten, Naturmatratzen, Schlafsystem, Schlafzimmern und Hotelm\u00f6beln. Unsere Naturbetten bestehen ausschlie\u00dflich aus massiven Harth\u00f6lzern von h\u00f6chster Qualit\u00e4t ohne Einsatz von metallischen Komponenten. Wir verwenden unter anderem Amerikanische Schwarznuss-, Zirben-, Eichen-, Kirschen-, Birnen- und Buchenh\u00f6lzer, welche mit Bio-\u00d6l veredelt sind. Unser Schlafsystem ist die perfekte [&hellip;]<\/p>\n","protected":false},"author":43,"featured_media":0,"parent":0,"menu_order":0,"comment_status":"closed","ping_status":"closed","template":"","meta":[],"aioseo_notices":[],"_links":{"self":[{"href":"https:\/\/demko.at\/de_at\/wp-json\/wp\/v2\/pages\/4559"}],"collection":[{"href":"https:\/\/demko.at\/de_at\/wp-json\/wp\/v2\/pages"}],"about":[{"href":"https:\/\/demko.at\/de_at\/wp-json\/wp\/v2\/types\/page"}],"author":[{"embeddable":true,"href":"https:\/\/demko.at\/de_at\/wp-json\/wp\/v2\/users\/43"}],"replies":[{"embeddable":true,"href":"https:\/\/demko.at\/de_at\/wp-json\/wp\/v2\/comments?post=4559"}],"version-history":[{"count":3,"href":"https:\/\/demko.at\/de_at\/wp-json\/wp\/v2\/pages\/4559\/revisions"}],"predecessor-version":[{"id":7478,"href":"https:\/\/demko.at\/de_at\/wp-json\/wp\/v2\/pages\/4559\/revisions\/7478"}],"wp:attachment":[{"href":"https:\/\/demko.at\/de_at\/wp-json\/wp\/v2\/media?parent=4559"}],"curies":[{"name":"wp","href":"https:\/\/api.w.org\/{rel}","templated":true}]}}